{"id":1400,"date":"2026-03-10T16:11:00","date_gmt":"2026-03-10T15:11:00","guid":{"rendered":"https:\/\/bizfic.themeht.com\/?page_id=1400"},"modified":"2026-04-05T06:14:22","modified_gmt":"2026-04-05T04:14:22","slug":"area-de-conocimientos","status":"publish","type":"page","link":"https:\/\/todoaquiweb.com\/ideppecampus\/area-de-conocimientos\/","title":{"rendered":"\u00c1rea de conocimientos"},"content":{"rendered":"\t\t<div data-elementor-type=\"wp-page\" data-elementor-id=\"1400\" class=\"elementor elementor-1400\">\n\t\t\t\t<div class=\"elementor-element elementor-element-e8a43ba light-bg e-flex e-con-boxed e-con e-parent\" data-id=\"e8a43ba\" data-element_type=\"container\" data-e-type=\"container\">\n\t\t\t\t\t<div class=\"e-con-inner\">\n\t\t\t\t<div class=\"elementor-element elementor-element-bc3af0a elementor-widget elementor-widget-portfolio-grid\" data-id=\"bc3af0a\" data-element_type=\"widget\" data-e-type=\"widget\" data-widget_type=\"portfolio-grid.default\">\n\t\t\t\t<div class=\"elementor-widget-container\">\n\t\t\t\t\t<div class=\"row\">                <div class=\"col-lg-4 mb-5\">\r\n                                            <div class=\"portfolio-item style-2\">\r\n                            <div class=\"portfolio-image\">\r\n                                <img fetchpriority=\"high\" decoding=\"async\" width=\"600\" height=\"800\" src=\"https:\/\/todoaquiweb.com\/ideppecampus\/wp-content\/uploads\/2026\/04\/people-meeting-community-center-600x800.jpg\" class=\"attachment-bizfic-600x800 size-bizfic-600x800 wp-post-image\" alt=\"\" \/>                            <\/div>\r\n                            <div class=\"portfolio-desc\">\r\n                                <div class=\"portfolio-cat\">\r\n                                    <a href=\"https:\/\/todoaquiweb.com\/ideppecampus\/portfolio_category\/area-5\/\" rel=\"tag\">\u00c1rea 5<\/a>                                <\/div>\r\n                                <div class=\"portfolio-title\">\r\n                                    <h4><a href=\"https:\/\/todoaquiweb.com\/ideppecampus\/portfolio\/area-5-acompanamiento-y-procesos-guiados\/\">Acompa\u00f1amiento y procesos guiados<\/a><\/h4>\r\n                                <\/div>\r\n                            <\/div>\r\n                        <\/div>\r\n                                    <\/div>\r\n                            <div class=\"col-lg-4 mb-5\">\r\n                                            <div class=\"portfolio-item style-2\">\r\n                            <div class=\"portfolio-image\">\r\n                                <img decoding=\"async\" width=\"600\" height=\"800\" src=\"https:\/\/todoaquiweb.com\/ideppecampus\/wp-content\/uploads\/2026\/04\/portrait-happy-businesswoman-holding-water-drop-icon-workplace-600x800.jpg\" class=\"attachment-bizfic-600x800 size-bizfic-600x800 wp-post-image\" alt=\"\" \/>                            <\/div>\r\n                            <div class=\"portfolio-desc\">\r\n                                <div class=\"portfolio-cat\">\r\n                                    <a href=\"https:\/\/todoaquiweb.com\/ideppecampus\/portfolio_category\/area-4\/\" rel=\"tag\">\u00c1rea 4<\/a>                                <\/div>\r\n                                <div class=\"portfolio-title\">\r\n                                    <h4><a href=\"https:\/\/todoaquiweb.com\/ideppecampus\/portfolio\/area-4-programas-corporativos-y-organizacionales\/\">Programas corporativos y organizacionales<\/a><\/h4>\r\n                                <\/div>\r\n                            <\/div>\r\n                        <\/div>\r\n                                    <\/div>\r\n                            <div class=\"col-lg-4 mb-5\">\r\n                                            <div class=\"portfolio-item style-2\">\r\n                            <div class=\"portfolio-image\">\r\n                                <img decoding=\"async\" width=\"600\" height=\"800\" src=\"https:\/\/todoaquiweb.com\/ideppecampus\/wp-content\/uploads\/2026\/04\/medium-shot-woman-with-book-double-exposure-600x800.jpg\" class=\"attachment-bizfic-600x800 size-bizfic-600x800 wp-post-image\" alt=\"\" \/>                            <\/div>\r\n                            <div class=\"portfolio-desc\">\r\n                                <div class=\"portfolio-cat\">\r\n                                    <a href=\"https:\/\/todoaquiweb.com\/ideppecampus\/portfolio_category\/area-3\/\" rel=\"tag\">\u00c1rea 3<\/a>                                <\/div>\r\n                                <div class=\"portfolio-title\">\r\n                                    <h4><a href=\"https:\/\/todoaquiweb.com\/ideppecampus\/portfolio\/area-3-lectura-pensamiento-y-escritura\/\">Lectura, pensamiento y escritura<\/a><\/h4>\r\n                                <\/div>\r\n                            <\/div>\r\n                        <\/div>\r\n                                    <\/div>\r\n                            <div class=\"col-lg-4 mb-5\">\r\n                                            <div class=\"portfolio-item style-2\">\r\n                            <div class=\"portfolio-image\">\r\n                                <img loading=\"lazy\" decoding=\"async\" width=\"600\" height=\"800\" src=\"https:\/\/todoaquiweb.com\/ideppecampus\/wp-content\/uploads\/2026\/04\/medium-shot-family-therapy-session-600x800.jpg\" class=\"attachment-bizfic-600x800 size-bizfic-600x800 wp-post-image\" alt=\"\" \/>                            <\/div>\r\n                            <div class=\"portfolio-desc\">\r\n                                <div class=\"portfolio-cat\">\r\n                                    <a href=\"https:\/\/todoaquiweb.com\/ideppecampus\/portfolio_category\/area-2\/\" rel=\"tag\">\u00c1rea 2<\/a>                                <\/div>\r\n                                <div class=\"portfolio-title\">\r\n                                    <h4><a href=\"https:\/\/todoaquiweb.com\/ideppecampus\/portfolio\/area-2-educacion-socioemocional\/\">Educaci\u00f3n socioemocional<\/a><\/h4>\r\n                                <\/div>\r\n                            <\/div>\r\n                        <\/div>\r\n                                    <\/div>\r\n                            <div class=\"col-lg-4 mb-5\">\r\n                                            <div class=\"portfolio-item style-2\">\r\n                            <div class=\"portfolio-image\">\r\n                                <img loading=\"lazy\" decoding=\"async\" width=\"600\" height=\"800\" src=\"https:\/\/todoaquiweb.com\/ideppecampus\/wp-content\/uploads\/2026\/03\/desarrollo-personal-1-600x800.jpg\" class=\"attachment-bizfic-600x800 size-bizfic-600x800 wp-post-image\" alt=\"\" \/>                            <\/div>\r\n                            <div class=\"portfolio-desc\">\r\n                                <div class=\"portfolio-cat\">\r\n                                    <a href=\"https:\/\/todoaquiweb.com\/ideppecampus\/portfolio_category\/area-1\/\" rel=\"tag\">\u00c1rea 1<\/a>                                <\/div>\r\n                                <div class=\"portfolio-title\">\r\n                                    <h4><a href=\"https:\/\/todoaquiweb.com\/ideppecampus\/portfolio\/area-1-desarrollo-personal-y-transformacion-interior\/\">Desarrollo personal y transformaci\u00f3n interior<\/a><\/h4>\r\n                                <\/div>\r\n                            <\/div>\r\n                        <\/div>\r\n                                    <\/div>\r\n            <\/div>\t\t\t\t<\/div>\n\t\t\t\t<\/div>\n\t\t\t\t\t<\/div>\n\t\t\t\t<\/div>\n\t\t\t\t<\/div>\n\t\t","protected":false},"excerpt":{"rendered":"<p>\u00c1rea 5 Acompa\u00f1amiento y procesos guiados \u00c1rea 4 Programas corporativos y organizacionales \u00c1rea 3 Lectura, pensamiento y escritura \u00c1rea 2 Educaci\u00f3n socioemocional \u00c1rea 1 Desarrollo personal y transformaci\u00f3n interior<\/p>\n","protected":false},"author":1,"featured_media":0,"parent":0,"menu_order":0,"comment_status":"closed","ping_status":"closed","template":"","meta":{"_acf_changed":false,"footnotes":""},"class_list":["post-1400","page","type-page","status-publish","hentry"],"acf":[],"_links":{"self":[{"href":"https:\/\/todoaquiweb.com\/ideppecampus\/wp-json\/wp\/v2\/pages\/1400","targetHints":{"allow":["GET"]}}],"collection":[{"href":"https:\/\/todoaquiweb.com\/ideppecampus\/wp-json\/wp\/v2\/pages"}],"about":[{"href":"https:\/\/todoaquiweb.com\/ideppecampus\/wp-json\/wp\/v2\/types\/page"}],"author":[{"embeddable":true,"href":"https:\/\/todoaquiweb.com\/ideppecampus\/wp-json\/wp\/v2\/users\/1"}],"replies":[{"embeddable":true,"href":"https:\/\/todoaquiweb.com\/ideppecampus\/wp-json\/wp\/v2\/comments?post=1400"}],"version-history":[{"count":17,"href":"https:\/\/todoaquiweb.com\/ideppecampus\/wp-json\/wp\/v2\/pages\/1400\/revisions"}],"predecessor-version":[{"id":7447,"href":"https:\/\/todoaquiweb.com\/ideppecampus\/wp-json\/wp\/v2\/pages\/1400\/revisions\/7447"}],"wp:attachment":[{"href":"https:\/\/todoaquiweb.com\/ideppecampus\/wp-json\/wp\/v2\/media?parent=1400"}],"curies":[{"name":"wp","href":"https:\/\/api.w.org\/{rel}","templated":true}]}}